{"id":326,"date":"2025-06-25T20:15:29","date_gmt":"2025-06-25T18:15:29","guid":{"rendered":"https:\/\/sapiomood.com\/?page_id=326"},"modified":"2025-06-25T20:19:51","modified_gmt":"2025-06-25T18:19:51","slug":"moody-me-czyli-moje-tworcze-zaplecze-co-tu-bedzie-mam-pewien-pomysl-a-nawet-kilka-do-ich-realizacji-potrzebna-mi-dluzsza-chwilka-d","status":"publish","type":"page","link":"https:\/\/sapiomood.com\/index.php\/moody-me-czyli-moje-tworcze-zaplecze-co-tu-bedzie-mam-pewien-pomysl-a-nawet-kilka-do-ich-realizacji-potrzebna-mi-dluzsza-chwilka-d\/","title":{"rendered":"MOODY ME"},"content":{"rendered":"\n<p>Oto moje tw\u00f3rcze zaplecze. Co tu b\u0119dzie? <\/p>\n\n\n\n<p>Mam pewien pomys\u0142, a nawet kilka. Do ich realizacji potrzebna mi (d\u0142u\u017csza) chwilka \ud83d\ude00 <\/p>\n\n\n\n<p>B\u0105d\u017a na bie\u017c\u0105co!<\/p>\n","protected":false},"excerpt":{"rendered":"<p>Oto moje tw\u00f3rcze zaplecze. Co tu b\u0119dzie? Mam pewien pomys\u0142, a nawet kilka. Do ich realizacji potrzebna mi (d\u0142u\u017csza) chwilka \ud83d\ude00 B\u0105d\u017a na bie\u017c\u0105co!<\/p>\n","protected":false},"author":1,"featured_media":0,"parent":0,"menu_order":0,"comment_status":"closed","ping_status":"closed","template":"","meta":{"footnotes":""},"class_list":["post-326","page","type-page","status-publish","hentry"],"_links":{"self":[{"href":"https:\/\/sapiomood.com\/index.php\/wp-json\/wp\/v2\/pages\/326","targetHints":{"allow":["GET"]}}],"collection":[{"href":"https:\/\/sapiomood.com\/index.php\/wp-json\/wp\/v2\/pages"}],"about":[{"href":"https:\/\/sapiomood.com\/index.php\/wp-json\/wp\/v2\/types\/page"}],"author":[{"embeddable":true,"href":"https:\/\/sapiomood.com\/index.php\/wp-json\/wp\/v2\/users\/1"}],"replies":[{"embeddable":true,"href":"https:\/\/sapiomood.com\/index.php\/wp-json\/wp\/v2\/comments?post=326"}],"version-history":[{"count":4,"href":"https:\/\/sapiomood.com\/index.php\/wp-json\/wp\/v2\/pages\/326\/revisions"}],"predecessor-version":[{"id":331,"href":"https:\/\/sapiomood.com\/index.php\/wp-json\/wp\/v2\/pages\/326\/revisions\/331"}],"wp:attachment":[{"href":"https:\/\/sapiomood.com\/index.php\/wp-json\/wp\/v2\/media?parent=326"}],"curies":[{"name":"wp","href":"https:\/\/api.w.org\/{rel}","templated":true}]}}